{"id":20,"date":"2024-02-11T14:58:31","date_gmt":"2024-02-11T13:58:31","guid":{"rendered":"http:\/\/orse.cg\/web\/?page_id=20"},"modified":"2024-02-11T16:02:31","modified_gmt":"2024-02-11T15:02:31","slug":"presentation","status":"publish","type":"page","link":"http:\/\/orse.cg\/web\/presentation\/","title":{"rendered":"Pr\u00e9sentation"},"content":{"rendered":"\n<ul class=\"wp-block-list\">\n<li><strong><em>Tutelle\u00a0\u00a0\u00a0\u00a0\u00a0\u00a0\u00a0 :\u00a0\u00a0<\/em><\/strong>\u00a0\u00a0\u00a0\u00a0\u00a0\u00a0\u00a0\u00a0\u00a0\u00a0\u00a0\u00a0\u00a0\u00a0\u00a0\u00a0 Minist\u00e8re de l\u2019\u00c9nergie et de l\u2019Hydraulique<\/li>\n<\/ul>\n\n\n\n<ul class=\"wp-block-list\">\n<li><strong><em>Pr\u00e9sentation et Organisation<\/em><\/strong>\u00a0:<\/li>\n<\/ul>\n\n\n\n<p>Institu\u00e9 par la loi n\u00b013-2003 portant code de l\u2019eau de la R\u00e9publique du Congo, l\u2019Organe de R\u00e9gulation du Secteur de l\u2019Eau (ORSE) est plac\u00e9 sous la tutelle du Minist\u00e8re de l\u2019\u00c9nergie et de l\u2019Hydraulique. L\u2019ORSE est un \u00e9tablissement public administratif dot\u00e9 d\u2019une personnalit\u00e9 juridique ainsi que de l\u2019autonomie administrative et financi\u00e8re.<\/p>\n\n\n\n<p>L\u2019organisation g\u00e9n\u00e9rale de l\u2019ORSE se pr\u00e9sente comme suit&nbsp;:<\/p>\n\n\n\n<ul class=\"wp-block-list\">\n<li><em>un comit\u00e9 de direction\u00a0;<\/em><\/li>\n\n\n\n<li><em>une direction g\u00e9n\u00e9rale\u00a0;<\/em><\/li>\n\n\n\n<li><em>une direction administrative et deux directions op\u00e9rationnelles\u00a0:<\/em><\/li>\n\n\n\n<li><em>la direction des affaires administratives et financi\u00e8res\u00a0;<\/em><\/li>\n\n\n\n<li><em>la direction juridique et \u00e9conomique\u00a0;<\/em><\/li>\n\n\n\n<li><em>la direction technique.<\/em><\/li>\n<\/ul>\n\n\n\n<ul class=\"wp-block-list\">\n<li><strong><em>Comit\u00e9 de direction\u00a0: <\/em>Le Pr\u00e9sident et ses membres<\/strong><\/li>\n<\/ul>\n\n\n\n<ul class=\"wp-block-list\">\n<li><strong><em>Direction G\u00e9n\u00e9rale\u00a0:\u00a0<\/em><\/strong><br>L\u2019\u00e9quipe int\u00e9rimaire de l\u2019ORSE est compos\u00e9e\u00a0:<\/li>\n\n\n\n<li>du Directeur G\u00e9n\u00e9ral&nbsp;;<\/li>\n\n\n\n<li>du charg\u00e9 des affaires techniques et \u00e9conomiques&nbsp;;<\/li>\n\n\n\n<li>du charg\u00e9 des affaires juridiques, administratives et financi\u00e8res&nbsp;;<\/li>\n\n\n\n<li>de l\u2019attach\u00e9 aux finances et \u00e0 la comptabilit\u00e9&nbsp;;<\/li>\n\n\n\n<li>de l\u2019attach\u00e9 au contr\u00f4le technique&nbsp;;<\/li>\n\n\n\n<li>de l\u2019attach\u00e9 administratif et aux relations publiques&nbsp;;<\/li>\n\n\n\n<li>de l\u2019attach\u00e9 \u00e0 l\u2019informatique op\u00e9rationnelle et \u00e0 la documentation&nbsp;;<\/li>\n\n\n\n<li>d\u2019un \u00e9conomiste&nbsp;;<\/li>\n\n\n\n<li>d\u2019une juriste&nbsp;;<\/li>\n\n\n\n<li>d\u2019une assistante de direction&nbsp;;<\/li>\n\n\n\n<li>d\u2019une secr\u00e9taire&nbsp;;<\/li>\n\n\n\n<li>d\u2019un planton&nbsp;;<\/li>\n\n\n\n<li>et d\u2019un chauffeur.<\/li>\n<\/ul>\n","protected":false},"excerpt":{"rendered":"<p>Institu\u00e9 par la loi n\u00b013-2003 portant code de l\u2019eau de la R\u00e9publique du Congo, l\u2019Organe de R\u00e9gulation du Secteur de l\u2019Eau (ORSE) est plac\u00e9 sous la tutelle du Minist\u00e8re de l\u2019\u00c9nergie et de l\u2019Hydraulique. L\u2019ORSE est un \u00e9tablissement public administratif dot\u00e9 d\u2019une personnalit\u00e9 juridique ainsi que de l\u2019autonomie administrative et financi\u00e8re. L\u2019organisation g\u00e9n\u00e9rale de l\u2019ORSE [&hellip;]<\/p>\n","protected":false},"author":1,"featured_media":0,"parent":0,"menu_order":0,"comment_status":"closed","ping_status":"closed","template":"","meta":{"footnotes":""},"class_list":["post-20","page","type-page","status-publish","hentry"],"_links":{"self":[{"href":"http:\/\/orse.cg\/web\/wp-json\/wp\/v2\/pages\/20","targetHints":{"allow":["GET"]}}],"collection":[{"href":"http:\/\/orse.cg\/web\/wp-json\/wp\/v2\/pages"}],"about":[{"href":"http:\/\/orse.cg\/web\/wp-json\/wp\/v2\/types\/page"}],"author":[{"embeddable":true,"href":"http:\/\/orse.cg\/web\/wp-json\/wp\/v2\/users\/1"}],"replies":[{"embeddable":true,"href":"http:\/\/orse.cg\/web\/wp-json\/wp\/v2\/comments?post=20"}],"version-history":[{"count":3,"href":"http:\/\/orse.cg\/web\/wp-json\/wp\/v2\/pages\/20\/revisions"}],"predecessor-version":[{"id":51,"href":"http:\/\/orse.cg\/web\/wp-json\/wp\/v2\/pages\/20\/revisions\/51"}],"wp:attachment":[{"href":"http:\/\/orse.cg\/web\/wp-json\/wp\/v2\/media?parent=20"}],"curies":[{"name":"wp","href":"https:\/\/api.w.org\/{rel}","templated":true}]}}